{"id":37,"date":"2014-05-30T12:07:17","date_gmt":"2014-05-30T12:07:17","guid":{"rendered":"http:\/\/pixelgrade.com\/demos\/rosa2\/?page_id=37"},"modified":"2024-09-10T19:56:26","modified_gmt":"2024-09-10T18:56:26","slug":"reservas","status":"publish","type":"page","link":"https:\/\/heritagerestaurant.es\/?page_id=37","title":{"rendered":"Reservas"},"content":{"rendered":"<hgroup class=\"pixcode  pixcode--heading article__headline\">\n\t<h2 class=\"headline__secondary\"><span class=\"first-letter\">F<\/span>ormulario de<\/h2>\n\t<h1 class=\"headline__primary\">Reservas<\/h1>\n<\/hgroup>\n\t<div class=\"pixcode  pixcode--grid  grid\" >\n\t\t\t<div class=\"grid__item three-twelfths palm-one-whole\" >\n\t\t\n<div class=\"pixcode  pixcode--separator  separator separator--flower\">&#10043;<\/div>\n\n\t<\/div>\n\t<div class=\"grid__item seven-twelfths palm-one-whole\" >\n\t\t\n\n<div class=\"wpcf7 no-js\" id=\"wpcf7-f731-o1\" lang=\"es-ES\" dir=\"ltr\" data-wpcf7-id=\"731\">\n<div class=\"screen-reader-response\"><p role=\"status\" aria-live=\"polite\" aria-atomic=\"true\"><\/p> <ul><\/ul><\/div>\n<form action=\"\/index.php?rest_route=%2Fwp%2Fv2%2Fpages%2F37#wpcf7-f731-o1\" method=\"post\" class=\"wpcf7-form init\" aria-label=\"Formulario de contacto\" novalidate=\"novalidate\" data-status=\"init\">\n<fieldset class=\"hidden-fields-container\"><input type=\"hidden\" name=\"_wpcf7\" value=\"731\" \/><input type=\"hidden\" name=\"_wpcf7_version\" value=\"6.1.5\" \/><input type=\"hidden\" name=\"_wpcf7_locale\" value=\"es_ES\" \/><input type=\"hidden\" name=\"_wpcf7_unit_tag\" value=\"wpcf7-f731-o1\" \/><input type=\"hidden\" name=\"_wpcf7_container_post\" value=\"0\" \/><input type=\"hidden\" name=\"_wpcf7_posted_data_hash\" value=\"\" \/>\n<\/fieldset>\n<p><label> Nombre (requerido)<br \/>\n<span class=\"wpcf7-form-control-wrap\" data-name=\"your-name\"><input size=\"40\" maxlength=\"400\" class=\"wpcf7-form-control wpcf7-text wpcf7-validates-as-required\" aria-required=\"true\" aria-invalid=\"false\" value=\"\" type=\"text\" name=\"your-name\" \/><\/span> <\/label>\n<\/p>\n<p><label> Tu correo electr\u00f3nico (requerido)<br \/>\n<span class=\"wpcf7-form-control-wrap\" data-name=\"your-email\"><input size=\"40\" maxlength=\"400\" class=\"wpcf7-form-control wpcf7-email wpcf7-validates-as-required wpcf7-text wpcf7-validates-as-email\" aria-required=\"true\" aria-invalid=\"false\" value=\"\" type=\"email\" name=\"your-email\" \/><\/span> <\/label>\n<\/p>\n<p><label> Selecciona una Fecha<br \/>\n<span class=\"wpcf7-form-control-wrap\" data-name=\"Fecha\"><input class=\"wpcf7-form-control wpcf7-date wpcf7-validates-as-date\" aria-invalid=\"false\" value=\"\" type=\"date\" name=\"Fecha\" \/><\/span> <\/label>\n<\/p>\n<p><label> N\u00famero de comensales<br \/>\n<span class=\"wpcf7-form-control-wrap\" data-name=\"number-476\"><input class=\"wpcf7-form-control wpcf7-number wpcf7-validates-as-required wpcf7-validates-as-number\" min=\"1\" max=\"99\" aria-required=\"true\" aria-invalid=\"false\" value=\"\" type=\"number\" name=\"number-476\" \/><\/span> <\/label>\n<\/p>\n<p><label> Escribe aqu\u00ed los Detalles de tu Reserva<br \/>\n<span class=\"wpcf7-form-control-wrap\" data-name=\"your-message\"><textarea cols=\"40\" rows=\"10\" maxlength=\"2000\" class=\"wpcf7-form-control wpcf7-textarea\" aria-invalid=\"false\" name=\"your-message\"><\/textarea><\/span> <\/label>\n<\/p>\n<p><input class=\"wpcf7-form-control wpcf7-submit has-spinner\" type=\"submit\" value=\"Enviar\" \/>\n<\/p><p style=\"display: none !important;\" class=\"akismet-fields-container\" data-prefix=\"_wpcf7_ak_\"><label>&#916;<textarea name=\"_wpcf7_ak_hp_textarea\" cols=\"45\" rows=\"8\" maxlength=\"100\"><\/textarea><\/label><input type=\"hidden\" id=\"ak_js_1\" name=\"_wpcf7_ak_js\" value=\"61\"\/><script>document.getElementById( \"ak_js_1\" ).setAttribute( \"value\", ( new Date() ).getTime() );<\/script><\/p><div class=\"wpcf7-response-output\" aria-hidden=\"true\"><\/div>\n<\/form>\n<\/div>\n\n\t<\/div>\n\t<div class=\"grid__item two-twelfths palm-one-whole\" >\n\t\t\n<div class=\"pixcode  pixcode--separator  separator separator--flower\">&#10043;<\/div>\n\n\t<\/div>\n\t<\/div>\n\n<div class=\"pixcode  pixcode--separator  separator separator--line-flower\">\n<div class=\"line  line--left\"><\/div>\n<div class=\"line  line--right\"><\/div>\n<div class=\"star\">&#10043;<\/div>\n<div class=\"arrows\">\n<div class=\"arrow arrow--left\"><\/div>\n<div class=\"arrow arrow--right\"><\/div>\n<\/div>\n<\/div>\n\n\t<div class=\"pixcode  pixcode--grid  grid\" >\n\t\t\t<div class=\"grid__item six-twelfths palm-one-whole\" >\n\t\t\n<p style=\"text-align: center;\"><span style=\"color: #262526; font-family: 'Source Sans Pro'; font-size: 1.5rem; letter-spacing: 0.1em; text-transform: uppercase;\">S\u00cdGUENOS EN LAS REDES<\/span><\/p>\n<p style=\"text-align: center;\"><a class=\"pixcode-icon-link\"  href=\"https:\/\/www.facebook.com\/heritagecampoverde\/\" \"><i class=\"pixcode  pixcode--icon  icon-e-facebook-squared  circle  medium  icon-border\"><\/i><\/a>\u00a0 \u00a0 <a class=\"pixcode-icon-link\"  href=\"https:\/\/www.instagram.com\/heritagecampoverde\/\" \"><i class=\"pixcode  pixcode--icon  icon-e-instagram  circle  medium  icon-border\"><\/i><\/a>\u00a0 \u00a0 <a class=\"pixcode-icon-link\"  href=\"#\" \"><i class=\"pixcode  pixcode--icon  icon-e-tripadvisor  circle  medium  icon-border\"><\/i><\/a>\n<p style=\"text-align: center;\"><div class=\"pixcode  pixcode--separator  separator separator--flower\">&#10043;<\/div>\n\n<p style=\"text-align: center;\"><span style=\"color: #262526; font-family: 'Source Sans Pro'; font-size: 1.5rem; letter-spacing: 0.1em; text-transform: uppercase;\">HORARIO DE APERTURA<\/span><\/p>\n<p style=\"text-align: center;\">Todos los d\u00edas de 13:00 a 15:30 y de 18:00 a 23:30<\/p>\n\t<\/div>\n\t<div class=\"grid__item six-twelfths palm-one-whole\" >\n\t\t\n<p style=\"text-align: center;\"><span style=\"color: #262526; font-family: 'Source Sans Pro', Georgia, serif; font-size: 1.5rem; letter-spacing: 0.1em; text-transform: uppercase;\">CONTACTO<\/span><\/p>\n<p style=\"text-align: center;\">Puede ponerse en contacto con nosotros a trav\u00e9s del anterior formulario, o a trav\u00e9s de nuestro n\u00famero de tel\u00e9fono si lo prefiere. Le atenderemos lo m\u00e1s r\u00e1pido posible.<\/p>\n<p style=\"text-align: center;\">Avenida del Taray 147, Pinar de Campoverde, Pilar de la Horadada, Alicante<\/p>\n<p style=\"text-align: center;\">865 781 319 &#8211; 602 461 810<\/p>\n<p style=\"text-align: center;\">info@heritagerestaurant.es<\/p>\n\t<\/div>\n\t<\/div>\n\n<div class=\"pixcode  pixcode--separator  separator separator--line-flower\">\n<div class=\"line  line--left\"><\/div>\n<div class=\"line  line--right\"><\/div>\n<div class=\"star\">&#10043;<\/div>\n<div class=\"arrows\">\n<div class=\"arrow arrow--left\"><\/div>\n<div class=\"arrow arrow--right\"><\/div>\n<\/div>\n<\/div>\n\n\t<div class=\"pixcode  pixcode--grid  grid\" >\n\t\t\t<div class=\"island grid__item six-twelfths palm-one-whole\" >\n\t\t\n<hgroup class=\"pixcode  pixcode--heading article__headline\">\n\t<h2 class=\"headline__secondary\"><span class=\"first-letter\">C<\/span>ocina<\/h2>\n\t<h1 class=\"headline__primary\">India<\/h1>\n<\/hgroup>\n<div class=\"pixcode  pixcode--separator  separator separator--flower separator_color--dark\">&#10043;<\/div>\n\n<p style=\"text-align: center;\">Ponemos en tu mesa los platos mas exquisitos de la cocina india. \u00a1Y si no te gusta el picante no te preocupes! Tenemos una amplia variedad de platos sin picante y para todos los paladares. \u00a1Vis\u00edtanos!<\/p>\n<p style=\"text-align: center;\"><strong><a href=\"https:\/\/heritagerestaurant.es\/menu\/\">Echa un vistazo a nuestra Carta<\/a><\/strong><\/p>\n\t<\/div>\n\t<div class=\"grid__item six-twelfths palm-one-whole\" >\n\t\t\n<p><img loading=\"lazy\" decoding=\"async\" class=\"alignnone wp-image-737 size-large\" src=\"https:\/\/heritagerestaurant.es\/wp-content\/uploads\/2014\/05\/slider-img-2-1024x676.jpg\" alt=\"\" width=\"960\" height=\"634\" srcset=\"https:\/\/heritagerestaurant.es\/wp-content\/uploads\/2014\/05\/slider-img-2-1024x676.jpg 1024w, https:\/\/heritagerestaurant.es\/wp-content\/uploads\/2014\/05\/slider-img-2-300x198.jpg 300w, https:\/\/heritagerestaurant.es\/wp-content\/uploads\/2014\/05\/slider-img-2-768x507.jpg 768w, https:\/\/heritagerestaurant.es\/wp-content\/uploads\/2014\/05\/slider-img-2-1200x792.jpg 1200w, https:\/\/heritagerestaurant.es\/wp-content\/uploads\/2014\/05\/slider-img-2-900x594.jpg 900w, https:\/\/heritagerestaurant.es\/wp-content\/uploads\/2014\/05\/slider-img-2-400x264.jpg 400w, https:\/\/heritagerestaurant.es\/wp-content\/uploads\/2014\/05\/slider-img-2.jpg 1920w\" sizes=\"auto, (max-width: 960px) 100vw, 960px\" \/><\/p>\n\t<\/div>\n\t<\/div>\n\n<div class=\"pixcode  pixcode--separator  separator separator--line-flower\">\n<div class=\"line  line--left\"><\/div>\n<div class=\"line  line--right\"><\/div>\n<div class=\"star\">&#10043;<\/div>\n<div class=\"arrows\">\n<div class=\"arrow arrow--left\"><\/div>\n<div class=\"arrow arrow--right\"><\/div>\n<\/div>\n<\/div>\n\n","protected":false},"excerpt":{"rendered":"","protected":false},"author":1,"featured_media":759,"parent":0,"menu_order":0,"comment_status":"closed","ping_status":"closed","template":"","meta":{"footnotes":""},"class_list":["post-37","page","type-page","status-publish","has-post-thumbnail","hentry"],"yoast_head":"<!-- This site is optimized with the Yoast SEO plugin v27.3 - https:\/\/yoast.com\/product\/yoast-seo-wordpress\/ -->\n<title>Reservas - HERITAGE RESTAURANT<\/title>\n<meta name=\"robots\" content=\"index, follow, max-snippet:-1, max-image-preview:large, max-video-preview:-1\" \/>\n<meta property=\"og:locale\" content=\"es_ES\" \/>\n<meta property=\"og:type\" content=\"article\" \/>\n<meta property=\"og:title\" content=\"Reservas - HERITAGE RESTAURANT\" \/>\n<meta property=\"og:url\" content=\"https:\/\/heritagerestaurant.es\/?page_id=37\" \/>\n<meta property=\"og:site_name\" content=\"HERITAGE RESTAURANT\" \/>\n<meta property=\"article:modified_time\" content=\"2024-09-10T18:56:26+00:00\" \/>\n<meta property=\"og:image\" content=\"https:\/\/heritagerestaurant.es\/wp-content\/uploads\/2014\/05\/nachos-taco-masala.jpg\" \/>\n\t<meta property=\"og:image:width\" content=\"1280\" \/>\n\t<meta property=\"og:image:height\" content=\"851\" \/>\n\t<meta property=\"og:image:type\" content=\"image\/jpeg\" \/>\n<meta name=\"twitter:card\" content=\"summary_large_image\" \/>\n<meta name=\"twitter:label1\" content=\"Tiempo de lectura\" \/>\n\t<meta name=\"twitter:data1\" content=\"2 minutos\" \/>\n<script type=\"application\/ld+json\" class=\"yoast-schema-graph\">{\"@context\":\"https:\\\/\\\/schema.org\",\"@graph\":[{\"@type\":\"WebPage\",\"@id\":\"https:\\\/\\\/heritagerestaurant.es\\\/?page_id=37\",\"url\":\"https:\\\/\\\/heritagerestaurant.es\\\/?page_id=37\",\"name\":\"Reservas - HERITAGE RESTAURANT\",\"isPartOf\":{\"@id\":\"https:\\\/\\\/heritagerestaurant.es\\\/#website\"},\"primaryImageOfPage\":{\"@id\":\"https:\\\/\\\/heritagerestaurant.es\\\/?page_id=37#primaryimage\"},\"image\":{\"@id\":\"https:\\\/\\\/heritagerestaurant.es\\\/?page_id=37#primaryimage\"},\"thumbnailUrl\":\"https:\\\/\\\/heritagerestaurant.es\\\/wp-content\\\/uploads\\\/2014\\\/05\\\/nachos-taco-masala.jpg\",\"datePublished\":\"2014-05-30T12:07:17+00:00\",\"dateModified\":\"2024-09-10T18:56:26+00:00\",\"breadcrumb\":{\"@id\":\"https:\\\/\\\/heritagerestaurant.es\\\/?page_id=37#breadcrumb\"},\"inLanguage\":\"es\",\"potentialAction\":[{\"@type\":\"ReadAction\",\"target\":[\"https:\\\/\\\/heritagerestaurant.es\\\/?page_id=37\"]}]},{\"@type\":\"ImageObject\",\"inLanguage\":\"es\",\"@id\":\"https:\\\/\\\/heritagerestaurant.es\\\/?page_id=37#primaryimage\",\"url\":\"https:\\\/\\\/heritagerestaurant.es\\\/wp-content\\\/uploads\\\/2014\\\/05\\\/nachos-taco-masala.jpg\",\"contentUrl\":\"https:\\\/\\\/heritagerestaurant.es\\\/wp-content\\\/uploads\\\/2014\\\/05\\\/nachos-taco-masala.jpg\",\"width\":1280,\"height\":851},{\"@type\":\"BreadcrumbList\",\"@id\":\"https:\\\/\\\/heritagerestaurant.es\\\/?page_id=37#breadcrumb\",\"itemListElement\":[{\"@type\":\"ListItem\",\"position\":1,\"name\":\"Portada\",\"item\":\"https:\\\/\\\/heritagerestaurant.es\\\/\"},{\"@type\":\"ListItem\",\"position\":2,\"name\":\"Reservas\"}]},{\"@type\":\"WebSite\",\"@id\":\"https:\\\/\\\/heritagerestaurant.es\\\/#website\",\"url\":\"https:\\\/\\\/heritagerestaurant.es\\\/\",\"name\":\"HERITAGE RESTAURANT\",\"description\":\"Restaurante de Cocina Tradicional India en Pinar de Campoverde\",\"potentialAction\":[{\"@type\":\"SearchAction\",\"target\":{\"@type\":\"EntryPoint\",\"urlTemplate\":\"https:\\\/\\\/heritagerestaurant.es\\\/?s={search_term_string}\"},\"query-input\":{\"@type\":\"PropertyValueSpecification\",\"valueRequired\":true,\"valueName\":\"search_term_string\"}}],\"inLanguage\":\"es\"}]}<\/script>\n<!-- \/ Yoast SEO plugin. -->","yoast_head_json":{"title":"Reservas - HERITAGE RESTAURANT","robots":{"index":"index","follow":"follow","max-snippet":"max-snippet:-1","max-image-preview":"max-image-preview:large","max-video-preview":"max-video-preview:-1"},"og_locale":"es_ES","og_type":"article","og_title":"Reservas - HERITAGE RESTAURANT","og_url":"https:\/\/heritagerestaurant.es\/?page_id=37","og_site_name":"HERITAGE RESTAURANT","article_modified_time":"2024-09-10T18:56:26+00:00","og_image":[{"width":1280,"height":851,"url":"https:\/\/heritagerestaurant.es\/wp-content\/uploads\/2014\/05\/nachos-taco-masala.jpg","type":"image\/jpeg"}],"twitter_card":"summary_large_image","twitter_misc":{"Tiempo de lectura":"2 minutos"},"schema":{"@context":"https:\/\/schema.org","@graph":[{"@type":"WebPage","@id":"https:\/\/heritagerestaurant.es\/?page_id=37","url":"https:\/\/heritagerestaurant.es\/?page_id=37","name":"Reservas - HERITAGE RESTAURANT","isPartOf":{"@id":"https:\/\/heritagerestaurant.es\/#website"},"primaryImageOfPage":{"@id":"https:\/\/heritagerestaurant.es\/?page_id=37#primaryimage"},"image":{"@id":"https:\/\/heritagerestaurant.es\/?page_id=37#primaryimage"},"thumbnailUrl":"https:\/\/heritagerestaurant.es\/wp-content\/uploads\/2014\/05\/nachos-taco-masala.jpg","datePublished":"2014-05-30T12:07:17+00:00","dateModified":"2024-09-10T18:56:26+00:00","breadcrumb":{"@id":"https:\/\/heritagerestaurant.es\/?page_id=37#breadcrumb"},"inLanguage":"es","potentialAction":[{"@type":"ReadAction","target":["https:\/\/heritagerestaurant.es\/?page_id=37"]}]},{"@type":"ImageObject","inLanguage":"es","@id":"https:\/\/heritagerestaurant.es\/?page_id=37#primaryimage","url":"https:\/\/heritagerestaurant.es\/wp-content\/uploads\/2014\/05\/nachos-taco-masala.jpg","contentUrl":"https:\/\/heritagerestaurant.es\/wp-content\/uploads\/2014\/05\/nachos-taco-masala.jpg","width":1280,"height":851},{"@type":"BreadcrumbList","@id":"https:\/\/heritagerestaurant.es\/?page_id=37#breadcrumb","itemListElement":[{"@type":"ListItem","position":1,"name":"Portada","item":"https:\/\/heritagerestaurant.es\/"},{"@type":"ListItem","position":2,"name":"Reservas"}]},{"@type":"WebSite","@id":"https:\/\/heritagerestaurant.es\/#website","url":"https:\/\/heritagerestaurant.es\/","name":"HERITAGE RESTAURANT","description":"Restaurante de Cocina Tradicional India en Pinar de Campoverde","potentialAction":[{"@type":"SearchAction","target":{"@type":"EntryPoint","urlTemplate":"https:\/\/heritagerestaurant.es\/?s={search_term_string}"},"query-input":{"@type":"PropertyValueSpecification","valueRequired":true,"valueName":"search_term_string"}}],"inLanguage":"es"}]}},"_links":{"self":[{"href":"https:\/\/heritagerestaurant.es\/index.php?rest_route=\/wp\/v2\/pages\/37","targetHints":{"allow":["GET"]}}],"collection":[{"href":"https:\/\/heritagerestaurant.es\/index.php?rest_route=\/wp\/v2\/pages"}],"about":[{"href":"https:\/\/heritagerestaurant.es\/index.php?rest_route=\/wp\/v2\/types\/page"}],"author":[{"embeddable":true,"href":"https:\/\/heritagerestaurant.es\/index.php?rest_route=\/wp\/v2\/users\/1"}],"replies":[{"embeddable":true,"href":"https:\/\/heritagerestaurant.es\/index.php?rest_route=%2Fwp%2Fv2%2Fcomments&post=37"}],"version-history":[{"count":57,"href":"https:\/\/heritagerestaurant.es\/index.php?rest_route=\/wp\/v2\/pages\/37\/revisions"}],"predecessor-version":[{"id":1576,"href":"https:\/\/heritagerestaurant.es\/index.php?rest_route=\/wp\/v2\/pages\/37\/revisions\/1576"}],"wp:featuredmedia":[{"embeddable":true,"href":"https:\/\/heritagerestaurant.es\/index.php?rest_route=\/wp\/v2\/media\/759"}],"wp:attachment":[{"href":"https:\/\/heritagerestaurant.es\/index.php?rest_route=%2Fwp%2Fv2%2Fmedia&parent=37"}],"curies":[{"name":"wp","href":"https:\/\/api.w.org\/{rel}","templated":true}]}}